{"id":3,"date":"2019-07-16T17:22:25","date_gmt":"2019-07-16T17:22:25","guid":{"rendered":"https:\/\/boxandpaper.com\/shop\/?page_id=3"},"modified":"2021-04-14T00:17:30","modified_gmt":"2021-04-13T22:17:30","slug":"privacy-policy","status":"publish","type":"page","link":"https:\/\/boxandpaper.com\/shop\/it\/privacy-policy\/","title":{"rendered":"Privacy Policy"},"content":{"rendered":"<p>&nbsp;<\/p>\n<p><strong>Informativa ai sensi del Regolamento UE 2016\/679 (\u201cGDPR\u201d)<\/strong><\/p>\n<p>&nbsp;<\/p>\n<h3><strong>Quali tipi di dati raccogliamo?<\/strong><\/h3>\n<p>Quando usi i nostri servizi, accetti che la nostra azienda raccolga alcuni tuoi dati personali. Questa pagina ha lo scopo di dirti quali dati raccogliamo, perch\u00e9 e come li usiamo.<\/p>\n<p>Trattiamo due tipi di dati:<\/p>\n<ul>\n<li style=\"font-family: 'Lato', sans-serif\">Dati forniti dall\u2019utente<\/li>\n<li style=\"font-family: 'Lato', sans-serif\">Dati che raccogliamo automaticamente<\/li>\n<\/ul>\n<h3><\/h3>\n<h3><strong>Dati forniti dall&#8217;utente<\/strong><\/h3>\n<h4>Se sei un privato<\/h4>\n<p>Se sei un privato, quando rispondi ad un annuncio ti chiediamo di fornirci alcuni dati che servono per poter usufruire del nostro servizio.<\/p>\n<p>Questi sono, ad esempio, i dati che ti chiediamo: nome e cognome, email e numero di telefono (nel form di contatto dell\u2019annuncio di un utente professionista). Quando chiami un utente professionista, potremmo trattare il tuo numero di telefono in forma pseudonimizzata per finalit\u00e0 di reportistica e miglioramento del servizio. Ti informiamo che per talune categorie di annunci il tuo numero di telefono potr\u00e0 essere verificato mediante l\u2019invio di un sms al fine di assicurare una maggiore qualit\u00e0 e sicurezza del servizio. Nell\u2019ambito dell\u2019utilizzo del servizio puoi usufruire delle funzioni \u201cMessaggi\u201d e \u201cChat\u201d per comunicare rispettivamente con gli altri utenti o con il nostro Customer Happiness Center.<\/p>\n<h4>Dati di terzi<\/h4>\n<p>Se fornisci dati personali di terzi, come ad esempio quelli dei tuoi familiari o amici, devi essere sicuro che questi soggetti siano stati adeguatamente informati e abbiano acconsentito al relativo trattamento nelle modalit\u00e0 descritte dalla presente informativa.<\/p>\n<h4>Dati di minori di anni 16<\/h4>\n<p>Se hai meno di 16 anni non puoi fornirci alcun dato personale n\u00e9 puoi registrarti su Box&amp;Paper, ed in ogni caso non assumiamo responsabilit\u00e0 per eventuali dichiarazioni mendaci da te fornite. Qualora ci accorgessimo dell\u2019esistenza di dichiarazioni non veritiere procederemo con la cancellazione immediata di ogni dato personale acquisito.<\/p>\n<h4>Se sei un professionista<\/h4>\n<p>Se sei un professionista, quando vorrai creare un account professionale ti verr\u00e0 richiesto di fornirci alcuni dati: denominazione dell\u2019azienda, partita IVA, nome referente, indirizzo email, numero di telefono. Altri dati possono essere richiesti per effettuare ulteriori verifiche in merito alla tua attivit\u00e0 professionale: categoria professionale, indirizzo completo. Inoltre potremmo raccogliere e trattare dati disponibili ed accessibili pubblicamente anche in elenchi cartacei o elettronici al fine di promuovere servizi dedicati alla tua attivit\u00e0 professionale. In tal caso, in fase di contatto, ti verranno dati i riferimenti alla presente informativa, nonch\u00e9 potrai opporti in qualunque momento al trattamento dei dati nelle modalit\u00e0 indicate al successivo punto 4.<\/p>\n<h4>Dati che raccogliamo automaticamente<\/h4>\n<p>Raccogliamo i seguenti dati mediante i servizi che utilizzi:<\/p>\n<ul>\n<li style=\"font-family: 'Lato', sans-serif\">dati tecnici: ad esempio indirizzo IP, tipo di browser, informazioni sul tuo computer, dati relativi alla posizione attuale (approssimativa) dello strumento che stai utilizzando;<\/li>\n<li style=\"font-family: 'Lato', sans-serif\">dati raccolti utilizzando i cookie o tecnologie similari: per ulteriori informazioni, ti invitiamo a visitare la sezione \u201cCookie\u201d.<\/li>\n<\/ul>\n<h3><\/h3>\n<h3><strong>Come utilizziamo i dati raccolti?<\/strong><\/h3>\n<p>Utilizziamo i dati raccolti per offrirti ogni giorno il nostro servizio, per informarti sulle nostre attivit\u00e0 commerciali o per proporti un servizio pi\u00f9 personalizzato ed in linea con i tuoi interessi.<\/p>\n<ol>\n<li style=\"font-family: 'Lato', sans-serif\">Per garantirti l\u2019accesso ai nostri servizi e migliorarne l\u2019erogazione: utilizziamo i tuoi dati per garantirti l\u2019accesso ai nostri servizi e la loro erogazione, tra cui: registrazione e creazione dell\u2019area riservata, pubblicazione degli annunci, utilizzo delle funzionalit\u00e0 \u201cpreferiti\u201d e \u201cricerche salvate\u201d, comunicazioni connesse all\u2019erogazione del servizio, messaggistica tra utenti (Messaggi). Tali trattamenti sono necessari per erogare correttamente i servizi di Box&amp;Paper nei confronti degli utenti che vi aderiscono. Utilizziamo i tuoi dati anche per assicurare un servizio migliore ed implementarlo, attraverso i seguenti trattamenti: assistenza tramite il Customer Happiness Center, anche tramite la funzionalit\u00e0 Chat, analisi dei dati in forma aggregata, revisione degli annunci, moderazione o rimozione dei contenuti, prevenzione delle frodi, attivit\u00e0 di natura amministrativa, finanziaria o contabile, come ad esempio quelle relative agli acquisti dei servizi opzionali a pagamento ed eventuale recupero del credito, rilevamento della tua Posizione attuale (approssimativa) per facilitare la fruizione di alcune funzioni del servizio, come ad esempio la visualizzazione degli annunci di store a te vicini, comunicazioni inerenti a servizi analoghi a quelli da te utilizzati, ricerche di mercato,<\/li>\n<li style=\"font-family: 'Lato', sans-serif\">Sondaggi facoltativi e attivit\u00e0 di rilevazione del grado di soddisfazione dell\u2019utenza: tali trattamenti si basano sul legittimo interesse del Titolare al miglioramento del servizio ed alla sua implementazione e puoi opporti, nei casi previsti dalla legge, in ogni momento.<\/li>\n<li style=\"font-family: 'Lato', sans-serif\">Per informarti riguardo alle nostre attivit\u00e0 commerciali: utilizziamo i dati raccolti, qualora tu ci abbia fornito espressamente il consenso, per informarti riguardo ad attivit\u00e0 promozionali che potrebbero interessarti. In particolare li utilizziamo per: comunicarti attivit\u00e0 promozionali, commerciali e pubblicitarie su eventi, iniziative o partnership di Box&amp;Paper, tramite posta elettronica, invio SMS o notifiche push; solo se sei un professionista, per telefonate tramite operatore, servizio di customer care consistente nell\u2019offerta di servizi dedicati in sede di vendita e post-vendita, fare attivit\u00e0 di analisi e di reportistica connessa ai sistemi di comunicazione promozionale, come ad esempio il rilevamento del numero delle e-mail aperte, dei click effettuati sui link presenti all\u2019interno della comunicazione, la tipologia del dispositivo utilizzato per leggere la comunicazione ed il relativo sistema operativo o l\u2019elenco degli iscritti alla newsletter.<\/li>\n<li style=\"font-family: 'Lato', sans-serif\">Per offrirti un servizio personalizzato: elaboriamo i dati raccolti, qualora tu ci abbia fornito espressamente il consenso, per analizzare le tue abitudini o scelte di consumo al fine di proporti un servizio sempre pi\u00f9 personalizzato ed in linea con i tuoi interessi e di migliorare la nostra offerta commerciale. Tali analisi non sono in ogni caso correlate ad un processo decisionale automatizzato.<\/li>\n<\/ol>\n<p>&nbsp;<\/p>\n<h3><strong>Il conferimento dei dati \u00e8 obbligatorio? <\/strong><\/h3>\n<p>Il conferimento dei dati personali \u00e8 obbligatorio esclusivamente per i trattamenti necessari all\u2019erogazione dei servizi offerti da Box&amp;Paper (l\u2019eventuale rifiuto per finalit\u00e0 di erogazione del servizio rende impossibile l\u2019utilizzo del servizio stesso); \u00e8 invece facoltativo per le finalit\u00e0 promozionali e di profilazione e l\u2019eventuale rifiuto di prestare il consenso non ha conseguenze negative sull\u2019erogazione del servizio offerto nell\u2019ambito del sito web www.boxandpaper.com e relative applicazioni.<\/p>\n<h3><\/h3>\n<h3><strong>Chi sono i soggetti del trattamento? <\/strong><\/h3>\n<ol>\n<li style=\"font-family: 'Lato', sans-serif\">Titolare del trattamento: Titolare del trattamento \u00e8 Box and Paper S.r.l. in persona del suo legale rappresentante pro-tempore, con sede legale sita in Roma (IT), 00197, Via A. Caroncini 4. Il titolare del trattamento si avvale di responsabili del trattamento per il raggiungimento delle finalit\u00e0 specificate al punto 1 e di un Data Protection Officer (DPO) per vigilare sulla tutela relativa ai dati personali. Per ogni richiesta relativa ai tuoi dati personali confronta il successivo punto 2.<\/li>\n<li style=\"font-family: 'Lato', sans-serif\">Data Protection Officer (DPO) e informazioni di contatto: Il responsabile designato per la protezione dei dati personali (Data Protection Officer) ai sensi dell\u2019art. 37 del GDPR \u00e8 l\u2019Avv. Daniel Pavoncello. Ti ricordiamo che puoi in qualsiasi momento contattare il DPO ed inviare qualsiasi domanda o richiesta relativa ai tuoi dati personali e al rispetto della tua privacy scrivendo all\u2019indirizzo commerciale@boxandpaper.com.<\/li>\n<li style=\"font-family: 'Lato', sans-serif\">Soggetti a cui possono essere comunicati dati personali: i dati raccolti nell\u2019ambito dell\u2019erogazione del servizio potranno essere comunicati a: societ\u00e0 che svolgono funzioni strettamente connesse e strumentali all\u2019operativit\u00e0 \u2013 anche tecnica \u2013 dei servizi di Box&amp;Paper, quali ad esempio fornitori che erogano servizi finalizzati alla revisione e alla verifica degli annunci, fornitori di servizi di direct marketing e di customer care, societ\u00e0 che erogano servizi di archiviazione, amministrativi, di pagamento e fatturazione, enti ed autorit\u00e0 amministrative e giudiziarie in virt\u00f9 degli obblighi di legge. I tuoi dati personali potrebbero essere trasferiti al di fuori dell\u2019Unione Europea per essere trattati da alcuni dei nostri fornitori di servizi. In questo caso, ci assicuriamo che questo trasferimento avvenga nel rispetto della legislazione vigente e che sia garantito un livello adeguato di protezione dei dati personali basandoci su una decisione di adeguatezza, su clausole standard definite dalla Commissione Europea o su Binding Corporate Rules.<\/li>\n<\/ol>\n<p>&nbsp;<\/p>\n<h3><strong>Come puoi avere informazioni sui dati, modificarli, cancellarli o averne una copia? <\/strong><\/h3>\n<ol>\n<li style=\"font-family: 'Lato', sans-serif\">Accesso ai dati personali dalla tua area riservata e revoca del consenso (opt-out): puoi, in qualsiasi momento, visionare i tuoi dati e le informazioni eventualmente fornite per la fatturazione nella tua area riservata. Entra nel tuo account e clicca la sezione \u201cArea Riservata\u201d. Ricordati che puoi revocare in qualsiasi momento i consensi che hai fornito accedendo alla tua area riservata e rimuovendo il relativo flag.<\/li>\n<li style=\"font-family: 'Lato', sans-serif\">Esportazione e cancellazione dei dati personali: per esportare i tuoi dati personali (takeout) o chiederne la cancellazione puoi inviare una richiesta all\u2019indirizzo email commerciale@boxandpaper.com dalla casella di posta elettronica con cui ti sei registrato. I tuoi dati personali saranno esportati entro 30 giorni o, nel caso in cui l\u2019esportazione si renda particolarmente complessa, entro tre mesi. La cancellazione verr\u00e0 effettuata nei tempi tecnici previsti ed in conformit\u00e0 al periodo di conservazione esplicitato nella successiva sezione.<\/li>\n<li style=\"font-family: 'Lato', sans-serif\">Esercizio dei tuoi diritti: qualsiasi persona fisica che utilizzi il nostro servizio pu\u00f2:\n<ul>\n<li style=\"font-family: 'Lato', sans-serif\">Ottenere dal titolare, in ogni momento, informazioni circa l\u2019esistenza dei propri dati personali, l\u2019origine degli stessi, le finalit\u00e0 e le modalit\u00e0 di trattamento e, qualora presenti, di ottenere l\u2019accesso ai dati personali ed alle informazioni di cui all\u2019articolo 15 del GDPR.<\/li>\n<li style=\"font-family: 'Lato', sans-serif\">Richiedere l\u2019aggiornamento, la rettifica, l\u2019integrazione, la cancellazione, la limitazione del trattamento dei dati nel caso ricorra una delle condizioni previste all\u2019articolo 18 del GDPR, la trasformazione in forma anonima o il blocco dei dati personali, trattati in violazione di legge, compresi quelli di cui non \u00e8 necessaria la conservazione in relazione agli scopi per i quali i dati sono stati raccolti e\/o successivamente trattati.<\/li>\n<li style=\"font-family: 'Lato', sans-serif\">Opporsi, in tutto o in parte, per motivi legittimi e secondo quanto previsto dalla legge, al trattamento dei dati, ancorch\u00e9 pertinenti allo scopo della raccolta ed al trattamento dei dati personali previsti ai fini di informazione commerciale o di invio di materiale pubblicitario o di vendita diretta ovvero per il compimento di ricerche di mercato o di comunicazione commerciale. Ogni utente ha altres\u00ec il diritto di revocare il consenso in qualsiasi momento senza pregiudicare le liceit\u00e0 del trattamento basata sul consenso prestato prima della revoca.<\/li>\n<li style=\"font-family: 'Lato', sans-serif\">Ricevere i propri dati personali, trattati sulla base di un contratto o sul consenso dell\u2019interessato, forniti consapevolmente ed attivamente o attraverso la fruizione del servizio, in un formato strutturato, di uso comune e leggibile da dispositivo automatico, e di trasmetterli ad un altro titolare del trattamento senza impedimenti.<\/li>\n<li style=\"font-family: 'Lato', sans-serif\">Proporre reclamo presso l\u2019Autorit\u00e0 Garante per la protezione dei dati personali in Italia.Ti ricordiamo che per qualsiasi domanda o richiesta relativa ai tuoi dati personali e al rispetto della tua privacy puoi scrivere all\u2019indirizzo commerciale@boxandpaper.com<\/li>\n<\/ul>\n<\/li>\n<\/ol>\n<p>&nbsp;<\/p>\n<h3><strong>Come e per quanto tempo i tuoi dati saranno conservati? <\/strong><\/h3>\n<p>La conservazione dei dati personali avverr\u00e0 in forma cartacea e\/o elettronica\/informatica e per il tempo strettamente necessario al soddisfacimento delle finalit\u00e0 di cui al punto 1, nel rispetto della tua privacy e delle normative vigenti. Per finalit\u00e0 di marketing diretto e profilazione trattiamo i tuoi dati, secondo il consenso che hai fornito, per un periodo massimo pari a quello previsto dalla normativa applicabile (rispettivamente pari a 24 e 12 mesi). Per finalit\u00e0 di sviluppo e miglioramento del servizio e relative funzionalit\u00e0, i dati personali dell\u2019utente attivo potranno essere analizzati e conservati in forma aggregata e pseudoanonimizzata fino a 36 mesi. Tali dati sono riservati e ad esclusivo uso interno.<\/p>\n<p>Per le medesime finalit\u00e0 ed una maggiore sicurezza del servizio mediante attivit\u00e0 di moderazione e prevenzione di condotte contrarie alle condizioni e alle regole editoriali di Box&amp;Paper \u2013 anche in collaborazione con le Autorit\u00e0 \u2013 gli annunci, i contenuti generati dagli utenti professionali sulla piattaforma e quelli relativi alla sua identificazione (ad eccezione delle richieste di assistenza nei confronti del Servizio Clienti, la cui conservazione segue il ciclo di vita dell\u2019utente) saranno in ogni caso conservati dal titolare, in forma protetta e con accesso limitato, per un periodo pari a 36 mesi. Tali contenuti riservati saranno ad esclusivo uso interno e potranno essere forniti dal titolare solo all\u2019Autorit\u00e0 Giudiziaria o al difensore dell\u2019utente per finalit\u00e0 di giustizia. Le fatture, i documenti contabili e i dati relativi alle transazioni sono conservati per 11 anni ai sensi di legge (ivi compresi gli obblighi fiscali).<\/p>\n<p>Nel caso di esercizio del diritto all\u2019oblio attraverso richiesta di cancellazione espressa dei dati personali trattati dal titolare, ti ricordiamo che tali dati saranno conservati, in forma protetta e con accesso limitato, unicamente per finalit\u00e0 di accertamento e repressione dei reati, per un periodo non superiore ai 12 mesi dalla data della richiesta (salvo quanto sopra indicato in merito ai dati utilizzati ai fini di moderazione e prevenzione) e successivamente saranno cancellati in maniera sicura o anonimizzati in maniera irreversibile. Ti rammentiamo infine che per le medesime finalit\u00e0, i dati relativi al traffico telematico degli utenti attivi, esclusi comunque i contenuti delle comunicazioni, saranno conservati per un periodo non superiore ai 6 anni dalla data di comunicazione.<\/p>\n<p>&nbsp;<\/p>\n<h3><strong>Come assicuriamo la protezione dei tuoi dati? <\/strong><\/h3>\n<p>I dati sono raccolti dai soggetti indicati al punto 3, secondo le indicazioni della normativa di riferimento, con particolare riguardo alle misure di sicurezza previste dal GDPR (art. 32) per il loro trattamento mediante strumenti informatici, manuali ed automatizzati e con logiche strettamente correlate alle finalit\u00e0 indicate al punto 1 e comunque in modo da garantire la sicurezza e la riservatezza dei dati stessi. Nel rispetto della normativa applicabile, \u00e8 attivo un sistema di verifica antispam sulle comunicazioni tra utenti. I dati ivi inseriti potranno essere verificati al solo scopo di individuare attivit\u00e0 illecite o contenuti non conformi alle Condizioni generali del Servizio, ma non saranno trattati o comunicati per finalit\u00e0 commerciali o promozionali.<\/p>\n<p>&nbsp;<\/p>\n<h3><strong>Social network <\/strong><\/h3>\n<p>Il titolare del trattamento mette a disposizione i propri canali social (e.g. Facebook, Twitter, Whatsapp ecc.) per permettere agli utenti di esprime le proprie opinioni e ricevere assistenza in merito ai servizi offerti. I dati personali vengono trattati secondo l\u2019informativa privacy dei social network di riferimento nonch\u00e9 secondo l\u2019informativa privacy di Box&amp;Paper, sempre disponibile all\u2019interno delle nostre pagine ufficiali.<\/p>\n<p>&nbsp;<\/p>\n<p>&nbsp;<\/p>\n","protected":false},"excerpt":{"rendered":"<p>&nbsp; Informativa ai sensi del Regolamento UE 2016\/679 (\u201cGDPR\u201d) &nbsp; Quali tipi di dati raccogliamo? Quando usi i nostri servizi, accetti che la nostra azienda&#8230;<\/p>\n","protected":false},"author":6,"featured_media":0,"parent":0,"menu_order":0,"comment_status":"closed","ping_status":"open","template":"","meta":{"footnotes":""},"class_list":["post-3","page","type-page","status-publish","hentry"],"_links":{"self":[{"href":"https:\/\/boxandpaper.com\/shop\/it\/wp-json\/wp\/v2\/pages\/3","targetHints":{"allow":["GET"]}}],"collection":[{"href":"https:\/\/boxandpaper.com\/shop\/it\/wp-json\/wp\/v2\/pages"}],"about":[{"href":"https:\/\/boxandpaper.com\/shop\/it\/wp-json\/wp\/v2\/types\/page"}],"author":[{"embeddable":true,"href":"https:\/\/boxandpaper.com\/shop\/it\/wp-json\/wp\/v2\/users\/6"}],"replies":[{"embeddable":true,"href":"https:\/\/boxandpaper.com\/shop\/it\/wp-json\/wp\/v2\/comments?post=3"}],"version-history":[{"count":7,"href":"https:\/\/boxandpaper.com\/shop\/it\/wp-json\/wp\/v2\/pages\/3\/revisions"}],"predecessor-version":[{"id":1629,"href":"https:\/\/boxandpaper.com\/shop\/it\/wp-json\/wp\/v2\/pages\/3\/revisions\/1629"}],"wp:attachment":[{"href":"https:\/\/boxandpaper.com\/shop\/it\/wp-json\/wp\/v2\/media?parent=3"}],"curies":[{"name":"wp","href":"https:\/\/api.w.org\/{rel}","templated":true}]}}