{"id":1632,"date":"2021-04-16T14:33:38","date_gmt":"2021-04-16T12:33:38","guid":{"rendered":"https:\/\/boxandpaper.com\/shop\/?page_id=1632"},"modified":"2021-04-16T14:33:38","modified_gmt":"2021-04-16T12:33:38","slug":"termini-e-condizioni","status":"publish","type":"page","link":"https:\/\/boxandpaper.com\/shop\/it\/termini-e-condizioni\/","title":{"rendered":"Termini e Condizioni"},"content":{"rendered":"<h2><\/h2>\n<h2><strong>Condizioni Generali del Servizio<\/strong><\/h2>\n<p>&nbsp;<\/p>\n<ol>\n<li>\n<h3><strong> Contenuto del Servizio<\/strong><\/h3>\n<\/li>\n<\/ol>\n<p>Box and Paper S.r.l. P.IVA n. 16119791008, con sede legale in Roma \u2013 Italia, in via Alberto Caroncini, 4 00197, mette a disposizione degli utenti che intendano avvalersene un servizio (da ora in poi il &#8220;Servizio Base&#8221; e\/o &#8220;Servizio&#8221;) web based che consente di pubblicare e consultare annunci e inserzioni di soggetti privati o professionali che intendano alienare o acquistare beni o prestare e ricevere servizi. Il Servizio consente altres\u00ec agli utenti inserzionisti ed agli utenti interessati a quanto pubblicato di entrare in contatto tra di loro.<\/p>\n<p>&nbsp;<\/p>\n<ol start=\"2\">\n<li>\n<h3><strong> Titolarit\u00e0 della piattaforma<\/strong><\/h3>\n<\/li>\n<\/ol>\n<p>Box and Paper S.r.l., \u00e8 l&#8217;unico titolare della piattaforma web per il tramite della quale viene gestito il Servizio nonch\u00e9 di tutti i relativi diritti inerenti e conseguenti allo sfruttamento della piattaforma medesima.<\/p>\n<p>&nbsp;<\/p>\n<ol start=\"3\">\n<li>\n<h3><strong> Applicabilit\u00e0 delle condizioni<\/strong><\/h3>\n<\/li>\n<\/ol>\n<p>Le presenti Condizioni Generali del Servizio si applicano sia agli utenti che utilizzino il Servizio in consultazione degli annunci pubblicati sia agli inserzionisti professionali (d\u2018ora in poi collettivamente \u201cutente\/i\u201d).<\/p>\n<p>&nbsp;<\/p>\n<ol start=\"4\">\n<li>\n<h3><strong> Termini per l&#8217;uso del Servizio<\/strong><\/h3>\n<\/li>\n<\/ol>\n<p>L\u2019utilizzo del Servizio \u00e8 consentito solo ad utenti maggiorenni secondo la legge italiana (maggiori di anni 18). L\u2019eventuale utilizzo del Servizio \u00e8 concesso altres\u00ec agli utenti che abbiano compiuto sedici anni esclusivamente a valle della autorizzazione e comunque sotto la supervisione dei genitori o di chi ne esercita la potest\u00e0 o la tutela, che assumeranno quindi ogni responsabilit\u00e0 dell\u2019operato del minore nei confronti di Box and Paper S.r.l. e dei terzi ad ogni titolo coinvolti.<\/p>\n<p>L&#8217;utilizzo del Servizio Base consente la libera consultazione degli annunci e la pubblicazione di inserzioni e la creazione di utenze finalizzate all&#8217;utilizzo del servizio medesimo. Talune funzionalit\u00e0 specifiche del Servizio, l&#8217;inserzione in specifiche categorie merceologiche e le inserzioni ulteriori rispetto alle soglie fissate per talune categorie potranno essere messe a disposizione solamente a pagamento cos\u00ec come da specifiche condizioni di contratto relative ai servizi medesimi.<\/p>\n<p>Le relazioni intrattenute tra gli utenti del Servizio, incluso l&#8217;acquisto, lo scambio di informazioni, anche per il tramite del form di risposta all\u2019annuncio, la consegna o il pagamento di beni o servizi, avvengono esclusivamente tra utenti senza che Box and Paper S.r.l. sia parte della relazione. L&#8217;utenza si impegna, altres\u00ec, a non fare utilizzo improprio dei contatti presenti a qualunque titolo sulla piattaforma di boxandpaper.com. <strong>A titolo esemplificativo ma non esaustivo \u00e8 vietato l&#8217;invio di pubblicit\u00e0, materiale promozionale, o qualsiasi altra forma di sollecitazione non autorizzata o non richiesta tramite e-mail o con qualsiasi altro metodo di contatto<\/strong>.<\/p>\n<p>Gli utenti manterranno la titolarit\u00e0 di tutti diritti di propriet\u00e0 relativi a video, fotografie, fermo immagini, audio o altro materiale (di seguito, le \u201cRiproduzioni\u201d) che boxandpaper.com ha consentito agli stessi di pubblicare sul proprio sito. Fermo restando quanto precede, l\u2019utente concede a boxandpaper.com una licenza non esclusiva, gratuita, perpetua, trasferibile, irrevocabile e senza limiti di territorio, per utilizzare (anche in combinazione con altri materiali audio e\/o video e\/o fotografici) e, dunque, fissare, all\u2019interno del sito e\/o su ogni altro mezzo (sia esso digitale, elettronico o cartaceo), riprodurre, modificare, adattare, tradurre, distribuire, pubblicare, visualizzare, riprodurre in pubblico le Riproduzioni dell\u2019utente, impegnandosi peraltro a non opporsi alla pubblicazione, utilizzo, modifica, cancellazione e sfruttamento delle Riproduzioni da parte di boxandpaper.com.<\/p>\n<p>Con l\u2019utilizzo del Servizio, gli utenti si assumono l\u2019esclusiva responsabilit\u00e0 circa il diritto di utilizzo delle Riproduzioni pubblicate dagli stessi sul sito, manlevando e tenendo indenne boxandpaper.com da qualsiasi pretesa e\/o richiesta di risarcimento formulata da soggetti terzi a fronte della violazione dei diritti di quest\u2019ultimi.<\/p>\n<p>Al momento della registrazione sul sito da parte dell\u2019utente, quest\u2019ultimo sar\u00e0 tenuto a fornire i propri dati anagrafici reali senza ricorrere all&#8217;utilizzo di indirizzi email temporanei o alias (ovvero indirizzi associati al proprio indirizzo email dal quale per\u00f2 non \u00e8 possibile inviare email ma solo riceverle). Resta espressamente inteso che, in caso di mancata osservanza delle disposizioni della presente clausola da parte dell\u2019utente, boxandpaper.com sar\u00e0 considerata liberata dell\u2019onere di fornire taluni servizi di assistenza allo stesso, essendo questa impossibilitata alla verifica della corrispondenza utente-email.<\/p>\n<p>&nbsp;<\/p>\n<ol start=\"5\">\n<li>\n<h3><strong> Responsabilit\u00e0 dell&#8217;utente<\/strong><\/h3>\n<\/li>\n<\/ol>\n<p>L&#8217;utente \u00e8 totalmente ed esclusivamente responsabile dell&#8217;uso del Servizio (da intendersi espressamente con riguardo alle funzioni di pubblicazione, di consultazione, di gestione delle inserzioni e di contatto tra utenti) ed \u00e8 pertanto l&#8217;unico garante e responsabile dei beni e dei servizi offerti per il tramite del Servizio nonch\u00e9 della correttezza, completezza e liceit\u00e0 delle inserzioni e del proprio comportamento nell&#8217;ambito del contatto tra utenti. L&#8217;utente garantisce la disponibilit\u00e0 e\/o la titolarit\u00e0 del bene\/servizio oggetto delle inserzioni medesime. L&#8217;utente garantisce altres\u00ec che i propri annunci non violano alcun diritto d&#8217;autore n\u00e9 diritto di propriet\u00e0 industriale n\u00e9 altro diritto di terzi. In caso di contestazione da parte di terzi riguardo a qualsiasi annuncio o condotta ad esso legata, l&#8217;utente se ne assume la piena responsabilit\u00e0 e si impegna a tenere manlevata e indenne Box and Paper S.r.l. da qualsiasi danno, perdita o spesa. L&#8217;utente si impegna ad utilizzare il form di risposta all\u2019annuncio al solo scopo di prendere contatto e scambiare informazioni con gli altri utenti relativamente agli annunci, utilizzando un linguaggio consono, nel rispetto della legge, dell\u2019etica e della netiquette. L&#8217;utente, inoltre, si assume ogni responsabilit\u00e0 per eventuali danni che possano derivare al suo sistema informatico dall&#8217;uso del Servizio o a quello di terzi. Resta infine inteso che ogni eventuale utilizzo di robot, spider, scraper e\/o ulteriori\u00a0 strumenti automatici per accedere al sito e\/o per estrapolare i relativi dati, contenuti, informazioni \u00e8 espressamente vietato.<\/p>\n<p>&nbsp;<\/p>\n<ol start=\"6\">\n<li>\n<h3><strong> Limitazione di responsabilit\u00e0<\/strong><\/h3>\n<\/li>\n<\/ol>\n<p>Box and Paper S.r.l. non presta alcuna garanzia circa il contenuto, la completezza e la correttezza delle inserzioni pubblicate n\u00e9 con riguardo ai dati pubblicati, n\u00e9 relativamente alle informazioni successivamente fornite dall\u2019utente, n\u00e9 con riferimento al numero o alla qualit\u00e0 dei risultati ottenuti tramite il Servizio. <strong>In ogni caso Box and Paper S.r.l. si riserva, in qualsiasi momento, il diritto di valutare, approvare, eliminare o impedire l&#8217;inserzione ovvero il diritto di inibire la consultazione o il contatto per il tramite del form di risposta all\u2019annuncio nel caso in cui, a proprio insindacabile giudizio, l&#8217;uso del Servizio da parte dell&#8217;utente si riferisca a particolari sezioni merceologiche o possa considerarsi lesivo di diritti o delle prerogative di Box and Paper S.r.l. o di terzi.<\/strong> Resta inteso che anche in caso di valutazione ed approvazione delle inserzioni (siano esse automatiche o manuali) Box and Paper S.r.l. non presta alcuna garanzia circa il contenuto, la completezza e la correttezza delle stesse. Box and Paper S.r.l. \u00e8 altres\u00ec estranea alle trattative eventualmente nascenti dall&#8217;uso del Servizio e pertanto non garantisce n\u00e9 la bont\u00e0 n\u00e9 l&#8217;esito delle stesse, di conseguenza nessuna richiesta di restituzione, compensazione, riparazione e\/o risarcimento a qualunque titolo potr\u00e0 essere indirizzata nei confronti di Box and Paper S.r.l.<\/p>\n<p>Il Servizio \u00e8 offerto per il tramite del sito www.boxandpaper.com (e sotto-domini come cliente.boxandpaper.com, commerciante.boxandpaper.com e futuri sotto-domini legalmente registrati presso l&#8217;ente competente), delle applicazioni mobile che possono contenere banner\/link ad altri siti Internet o applicazioni che non sono sotto il controllo di Box and Paper S.r.l.; la pubblicazione dei predetti banner\/link non comporta l\u2019approvazione o l\u2019avallo da parte di Box and Paper S.r.l. dei relativi siti e dei loro contenuti, n\u00e9 implica alcuna forma di garanzia da parte di quest\u2019ultima che pertanto non si assume alcuna responsabilit\u00e0. L&#8217;utente riconosce, quindi, che Box and Paper S.r.l. non \u00e8 responsabile, a titolo meramente esemplificativo, della veridicit\u00e0, correttezza, completezza, del rispetto dei diritti di propriet\u00e0 intellettuale e\/o industriale, n\u00e9 risponde della loro eventuale contrariet\u00e0 all\u2019ordine pubblico, al buon costume e\/o alla morale.<\/p>\n<p>&nbsp;<\/p>\n<ol start=\"7\">\n<li>\n<h3><strong> Limitazioni nell&#8217;erogazione del Servizio<\/strong><\/h3>\n<\/li>\n<\/ol>\n<p>Box and Paper S.r.l. si riserva il diritto di modificare, sospendere o interrompere, in tutto o in parte, il Servizio in qualsiasi momento anche senza preavviso e senza che la stessa sia tenuta ad indicare le ragioni sottese alle predette azioni. Box and Paper S.r.l. ha implementato un sistema antispam unitamente al form di risposta all\u2019annuncio, che respinge le richieste di contatto attraverso il form in caso di violazione delle norme applicabili, delle regole e\/o delle presenti condizioni (quali a mero titolo esemplificativo, presenza di insulti, epiteti razzisti, attivit\u00e0 di spam o phishing, ecc.). Qualora l\u2019utente indichi nella casella di testo del form link o indirizzi email, il sistema antispam, nel caso di annunci non provenienti da abbonati al Servizio di Box and Paper s.r.l., oscurer\u00e0 i predetti elementi dandone comunicazione al destinatario. Il sistema antispam in ogni caso non garantisce n\u00e9 l\u2019autenticit\u00e0 del prodotto\/servizio in vendita n\u00e9 la veridicit\u00e0 del contenuto del contatto. Box and Paper S.r.l. non potr\u00e0 quindi in nessun caso essere ritenuta parte o responsabile dello scambio di comunicazioni tra gli utenti e delle trattative da esse nascenti. Box and Paper S.r.l. non potr\u00e0 parimenti essere ritenuta responsabile dei danni conseguenti alla mancata prestazione del Servizio oggetto del presente contratto a causa dell&#8217;errato o mancato funzionamento dei mezzi elettronici di comunicazione per cause estranee alla sfera del proprio prevedibile controllo.<\/p>\n<p>A titolo esemplificativo, ma non esaustivo, il malfunzionamento dei server ed altri dispositivi elettronici anche non facenti parte integrante della rete Internet, malfunzionamento dei software installati, virus informatici, nonch\u00e9 da azioni di hacker o altri utenti aventi accesso alla rete.<\/p>\n<p>&nbsp;<\/p>\n<ol start=\"8\">\n<li>\n<h3><strong> Pubblicazione seriale di annunci\u00a0e\/o per conto terzi<\/strong><\/h3>\n<\/li>\n<\/ol>\n<p>E\u2019 espressamente vietato, salvo esplicita autorizzazione da parte di Box and Paper S.r.l.:<br \/>\n&#8211; l&#8217;utilizzo di sistemi automatici di caricamento annunci, salvo quelli espressamente autorizzati da Box and Paper S.r.l.;<br \/>\n&#8211; la pubblicazione seriale e\/o la gestione di annunci per conto terzi con ogni mezzo o modalit\u00e0;<br \/>\n&#8211; rivendere a terzi i servizi di Box and Paper S.r.l.<\/p>\n<p>Al raggiungimento di soglie predeterminate di inserimento degli annunci del Servizio Base, variabili in base alla categoria di inserimento e alle direttive Box and Paper S.r.l., l&#8217;utente non potr\u00e0 inserire ulteriori annunci e verr\u00e0 avvisato mediante una comunicazione di boxandpaper.com.<\/p>\n<p>&nbsp;<\/p>\n<ol start=\"9\">\n<li>\n<h3><strong> Limitazioni al contenuto delle pubblicazioni<\/strong><\/h3>\n<\/li>\n<\/ol>\n<p>L&#8217;utente si impegna a non falsificare la propria identit\u00e0 ed a rispettare tutte le disposizioni di legge vigenti nonch\u00e9 le\u00a0Regole di Box and Paper S.r.l., che a tal fine l\u2019utente accetta e riconosce di dover visionare prima dell\u2019inserimento di ogni annuncio o di prendere contatto con un altro utente per il tramite del form di risposta.\u00a0\u00a0Con riferimento a talune categorie di annunci, l\u2019utente prende atto ed accetta che il Servizio potrebbe richiedere, per finalit\u00e0 di revisione e sicurezza, il completamento di una specifica procedura di identificazione prima di procedere alla pubblicazione degli annunci o per accedere al Servizio e\/o continuare ad usufruire dello stesso.<\/p>\n<p>A tal proposito l&#8217;utente prende atto e accetta che ogni annuncio inserito riporter\u00e0 obbligatoriamente in chiaro alcune delle informazioni di cui sopra, ed in particolare il numero di annunci online facenti capo all&#8217;inserzionista ed una stima del tempo di utilizzo\/frequentazione dello stesso del Servizio. Dette informazioni devono ritenersi frutto di calcoli automatici approssimativi e non devono interferire\/pregiudicare\/influenzare le trattative eventualmente nascenti dall&#8217;uso del Servizio per le quali Box and Paper S.r.l. resta estranea.<\/p>\n<p>L&#8217;utente si impegna altres\u00ec, a non utilizzare il Servizio per la pubblicazione, trasmissione, scambio di materiale illecito, volgare, osceno, calunnioso, diffamatorio, offensivo della morale corrente, o, comunque, lesivo dei diritti altrui o di messaggi incitanti all&#8217;odio ed alla discriminazione razziale o religioso. Inoltre, l&#8217;utente si impegna a non utilizzare il Servizio in maniera tale da violare diritti di propriet\u00e0 intellettuale o industriale di Box and Paper S.r.l. o di terzi.<\/p>\n<p>&nbsp;<\/p>\n<p>&nbsp;<\/p>\n","protected":false},"excerpt":{"rendered":"<p>Condizioni Generali del Servizio &nbsp; Contenuto del Servizio Box and Paper S.r.l. P.IVA n. 16119791008, con sede legale in Roma \u2013 Italia, in via Alberto&#8230;<\/p>\n","protected":false},"author":6,"featured_media":0,"parent":0,"menu_order":0,"comment_status":"closed","ping_status":"closed","template":"","meta":{"footnotes":""},"class_list":["post-1632","page","type-page","status-publish","hentry"],"_links":{"self":[{"href":"https:\/\/boxandpaper.com\/shop\/it\/wp-json\/wp\/v2\/pages\/1632","targetHints":{"allow":["GET"]}}],"collection":[{"href":"https:\/\/boxandpaper.com\/shop\/it\/wp-json\/wp\/v2\/pages"}],"about":[{"href":"https:\/\/boxandpaper.com\/shop\/it\/wp-json\/wp\/v2\/types\/page"}],"author":[{"embeddable":true,"href":"https:\/\/boxandpaper.com\/shop\/it\/wp-json\/wp\/v2\/users\/6"}],"replies":[{"embeddable":true,"href":"https:\/\/boxandpaper.com\/shop\/it\/wp-json\/wp\/v2\/comments?post=1632"}],"version-history":[{"count":1,"href":"https:\/\/boxandpaper.com\/shop\/it\/wp-json\/wp\/v2\/pages\/1632\/revisions"}],"predecessor-version":[{"id":1633,"href":"https:\/\/boxandpaper.com\/shop\/it\/wp-json\/wp\/v2\/pages\/1632\/revisions\/1633"}],"wp:attachment":[{"href":"https:\/\/boxandpaper.com\/shop\/it\/wp-json\/wp\/v2\/media?parent=1632"}],"curies":[{"name":"wp","href":"https:\/\/api.w.org\/{rel}","templated":true}]}}